{"id":1139,"date":"2025-01-25T20:39:21","date_gmt":"2025-01-25T20:39:21","guid":{"rendered":"https:\/\/suaempresaviva.com\/?page_id=1139"},"modified":"2026-02-16T00:00:23","modified_gmt":"2026-02-16T00:00:23","slug":"inicio","status":"publish","type":"page","link":"https:\/\/suaempresaviva.com\/","title":{"rendered":"IN\u00cdCIO"},"content":{"rendered":"\n<div id=\"ez-toc-container\" class=\"ez-toc-v2_0_82_2 counter-hierarchy ez-toc-counter ez-toc-grey ez-toc-container-direction\">\n<div class=\"ez-toc-title-container\">\n<p class=\"ez-toc-title\" style=\"cursor:inherit\">Table of Contents<\/p>\n<span class=\"ez-toc-title-toggle\"><a href=\"#\" class=\"ez-toc-pull-right ez-toc-btn ez-toc-btn-xs ez-toc-btn-default ez-toc-toggle\" aria-label=\"Alternar tabela de conte\u00fado\"><span class=\"ez-toc-js-icon-con\"><span class=\"\"><span class=\"eztoc-hide\" style=\"display:none;\">Toggle<\/span><span class=\"ez-toc-icon-toggle-span\"><svg style=\"fill: #999;color:#999\" xmlns=\"http:\/\/www.w3.org\/2000\/svg\" class=\"list-377408\" width=\"20px\" height=\"20px\" viewBox=\"0 0 24 24\" fill=\"none\"><path d=\"M6 6H4v2h2V6zm14 0H8v2h12V6zM4 11h2v2H4v-2zm16 0H8v2h12v-2zM4 16h2v2H4v-2zm16 0H8v2h12v-2z\" fill=\"currentColor\"><\/path><\/svg><svg style=\"fill: #999;color:#999\" class=\"arrow-unsorted-368013\" xmlns=\"http:\/\/www.w3.org\/2000\/svg\" width=\"10px\" height=\"10px\" viewBox=\"0 0 24 24\" version=\"1.2\" baseProfile=\"tiny\"><path d=\"M18.2 9.3l-6.2-6.3-6.2 6.3c-.2.2-.3.4-.3.7s.1.5.3.7c.2.2.4.3.7.3h11c.3 0 .5-.1.7-.3.2-.2.3-.5.3-.7s-.1-.5-.3-.7zM5.8 14.7l6.2 6.3 6.2-6.3c.2-.2.3-.5.3-.7s-.1-.5-.3-.7c-.2-.2-.4-.3-.7-.3h-11c-.3 0-.5.1-.7.3-.2.2-.3.5-.3.7s.1.5.3.7z\"\/><\/svg><\/span><\/span><\/span><\/a><\/span><\/div>\n<nav><ul class='ez-toc-list ez-toc-list-level-1 ' ><li class='ez-toc-page-1 ez-toc-heading-level-1'><a class=\"ez-toc-link ez-toc-heading-1\" href=\"https:\/\/suaempresaviva.com\/#Sua_Empresa_Viva_%E2%80%93_SEV\" >Sua Empresa Viva &#8211; SEV<\/a><ul class='ez-toc-list-level-3' ><li class='ez-toc-heading-level-3'><ul class='ez-toc-list-level-3' ><li class='ez-toc-heading-level-3'><a class=\"ez-toc-link ez-toc-heading-2\" href=\"https:\/\/suaempresaviva.com\/#Espiritualidade\" >Espiritualidade<\/a><\/li><li class='ez-toc-page-1 ez-toc-heading-level-3'><a class=\"ez-toc-link ez-toc-heading-3\" href=\"https:\/\/suaempresaviva.com\/#Juridico\" >Jur\u00eddico<\/a><\/li><li class='ez-toc-page-1 ez-toc-heading-level-3'><a class=\"ez-toc-link ez-toc-heading-4\" href=\"https:\/\/suaempresaviva.com\/#Sistemico\" >Sist\u00eamico<\/a><\/li><li class='ez-toc-page-1 ez-toc-heading-level-3'><a class=\"ez-toc-link ez-toc-heading-5\" href=\"https:\/\/suaempresaviva.com\/#Estilo_de_vida\" >Estilo de vida<\/a><\/li><\/ul><\/li><\/ul><\/li><\/ul><\/nav><\/div>\n<h1 class=\"wp-block-heading has-text-align-center\"><span class=\"ez-toc-section\" id=\"Sua_Empresa_Viva_%E2%80%93_SEV\"><\/span><strong>Sua Empresa Viva &#8211; SEV<\/strong><span class=\"ez-toc-section-end\"><\/span><\/h1>\n\n\n\n<p class=\"has-text-align-center\"><strong>CPF forte. CNPJ forte.<\/strong><\/p>\n\n\n\n<p><\/p>\n\n\n\n<div class=\"wp-block-columns is-layout-flex wp-container-core-columns-is-layout-9d6595d7 wp-block-columns-is-layout-flex\">\n<div class=\"wp-block-column is-layout-flow wp-block-column-is-layout-flow\"><\/div>\n\n\n\n<div class=\"wp-block-column is-layout-flow wp-block-column-is-layout-flow\"><\/div>\n\n\n\n<div class=\"wp-block-column is-layout-flow wp-block-column-is-layout-flow\"><\/div>\n<\/div>\n\n\n\n<div class=\"wp-block-columns is-layout-flex wp-container-core-columns-is-layout-9d6595d7 wp-block-columns-is-layout-flex\">\n<div class=\"wp-block-column is-layout-flow wp-block-column-is-layout-flow\">\n<h3 class=\"wp-block-heading has-theme-palette-9-color has-text-color has-background has-link-color wp-elements-a7f51dc53efd7b5db55a4cc65524c95d\" style=\"background:linear-gradient(135deg,rgb(15,61,58) 0%,rgb(15,61,58) 100%)\"><span class=\"ez-toc-section\" id=\"Espiritualidade\"><\/span>Espiritualidade<span class=\"ez-toc-section-end\"><\/span><\/h3>\n\n\n\n<p>Salmos e reflex\u00f5es para alinhamento interior, fortalecimento da f\u00e9 e consci\u00eancia nas escolhas da vida pessoal e profissional.<\/p>\n\n\n\n<p><a href=\"https:\/\/suaempresaviva.com\/index.php\/espiritualidade\/\">Ver conte\u00fados \u2192<\/a><\/p>\n<\/div>\n\n\n\n<div class=\"wp-block-column is-layout-flow wp-block-column-is-layout-flow\">\n<h3 class=\"wp-block-heading has-theme-palette-9-color has-text-color has-background has-link-color wp-elements-bbc5906881e7d5620035ccb865f51641\" style=\"background:linear-gradient(135deg,rgb(15,61,58) 0%,rgb(15,61,58) 100%)\"><span class=\"ez-toc-section\" id=\"Juridico\"><\/span>Jur\u00eddico<span class=\"ez-toc-section-end\"><\/span><\/h3>\n\n\n\n<p>Recupera\u00e7\u00e3o de cr\u00e9ditos, estrutura jur\u00eddica e an\u00e1lise estrat\u00e9gica para decis\u00f5es empresariais s\u00f3lidas e respons\u00e1veis.<\/p>\n\n\n\n<p><a href=\"https:\/\/suaempresaviva.com\/index.php\/juridico\/\">Acessar \u00e1rea jur\u00eddica \u2192<\/a><\/p>\n<\/div>\n\n\n\n<div class=\"wp-block-column is-layout-flow wp-block-column-is-layout-flow\">\n<h3 class=\"wp-block-heading has-theme-palette-9-color has-text-color has-background has-link-color wp-elements-05f87c46e280519d58f9fbcfd05c61c4\" style=\"background:linear-gradient(135deg,rgb(15,61,58) 0%,rgb(15,61,58) 100%)\"><span class=\"ez-toc-section\" id=\"Sistemico\"><\/span>Sist\u00eamico<span class=\"ez-toc-section-end\"><\/span><\/h3>\n\n\n\n<p>Constela\u00e7\u00f5es empresariais e organizacionais para ampliar a leitura das rela\u00e7\u00f5es, dos conflitos e das estruturas de neg\u00f3cio.<\/p>\n\n\n\n<p><a href=\"https:\/\/suaempresaviva.com\/index.php\/sistemico\/\">Explorar vis\u00e3o sist\u00eamica \u2192<\/a><\/p>\n<\/div>\n<\/div>\n\n\n\n<p><\/p>\n\n\n\n<div class=\"wp-block-columns is-layout-flex wp-container-core-columns-is-layout-9d6595d7 wp-block-columns-is-layout-flex\">\n<div class=\"wp-block-column is-layout-flow wp-block-column-is-layout-flow\">\n<h3 class=\"wp-block-heading has-theme-palette-9-color has-text-color has-background has-link-color wp-elements-7422bf2154d05eb8755fe816653d4d11\" style=\"background:linear-gradient(135deg,rgb(15,61,58) 0%,rgb(15,61,58) 100%)\"><span class=\"ez-toc-section\" id=\"Estilo_de_vida\"><\/span>Estilo de vida<span class=\"ez-toc-section-end\"><\/span><\/h3>\n<\/div>\n\n\n\n<div class=\"wp-block-column is-layout-flow wp-block-column-is-layout-flow\"><\/div>\n\n\n\n<div class=\"wp-block-column is-layout-flow wp-block-column-is-layout-flow\"><\/div>\n<\/div>\n\n\n\n<p class=\"has-theme-palette-9-color has-text-color has-link-color wp-elements-50aa6ea06e0bfb9584b33bc9dd7ba70c\"><\/p>\n\n\n\n<p><\/p>\n","protected":false},"excerpt":{"rendered":"<p>Sua Empresa Viva &#8211; SEV CPF forte. CNPJ forte. Espiritualidade Salmos e reflex\u00f5es para alinhamento interior, fortalecimento da f\u00e9 e consci\u00eancia nas escolhas da vida pessoal e profissional. Ver conte\u00fados \u2192 Jur\u00eddico Recupera\u00e7\u00e3o de cr\u00e9ditos, estrutura jur\u00eddica e an\u00e1lise estrat\u00e9gica para decis\u00f5es empresariais s\u00f3lidas e respons\u00e1veis. Acessar \u00e1rea jur\u00eddica \u2192 Sist\u00eamico Constela\u00e7\u00f5es empresariais e organizacionais&#8230;<\/p>\n","protected":false},"author":1,"featured_media":0,"parent":0,"menu_order":0,"comment_status":"closed","ping_status":"closed","template":"elementor_theme","meta":{"_kadence_starter_templates_imported_post":false,"_kad_post_transparent":"default","_kad_post_title":"hide","_kad_post_layout":"normal","_kad_post_sidebar_id":"","_kad_post_content_style":"","_kad_post_vertical_padding":"","_kad_post_feature":"","_kad_post_feature_position":"","_kad_post_header":false,"_kad_post_footer":false,"_kad_post_classname":"","footnotes":""},"class_list":["post-1139","page","type-page","status-publish","hentry"],"_hostinger_reach_plugin_has_subscription_block":false,"_hostinger_reach_plugin_is_elementor":false,"_links":{"self":[{"href":"https:\/\/suaempresaviva.com\/index.php\/wp-json\/wp\/v2\/pages\/1139","targetHints":{"allow":["GET"]}}],"collection":[{"href":"https:\/\/suaempresaviva.com\/index.php\/wp-json\/wp\/v2\/pages"}],"about":[{"href":"https:\/\/suaempresaviva.com\/index.php\/wp-json\/wp\/v2\/types\/page"}],"author":[{"embeddable":true,"href":"https:\/\/suaempresaviva.com\/index.php\/wp-json\/wp\/v2\/users\/1"}],"replies":[{"embeddable":true,"href":"https:\/\/suaempresaviva.com\/index.php\/wp-json\/wp\/v2\/comments?post=1139"}],"version-history":[{"count":14,"href":"https:\/\/suaempresaviva.com\/index.php\/wp-json\/wp\/v2\/pages\/1139\/revisions"}],"predecessor-version":[{"id":2812,"href":"https:\/\/suaempresaviva.com\/index.php\/wp-json\/wp\/v2\/pages\/1139\/revisions\/2812"}],"wp:attachment":[{"href":"https:\/\/suaempresaviva.com\/index.php\/wp-json\/wp\/v2\/media?parent=1139"}],"curies":[{"name":"wp","href":"https:\/\/api.w.org\/{rel}","templated":true}]}}