{"id":1141,"date":"2025-01-25T20:39:21","date_gmt":"2025-01-25T20:39:21","guid":{"rendered":"https:\/\/suaempresaviva.com\/?page_id=1141"},"modified":"2026-02-16T00:01:02","modified_gmt":"2026-02-16T00:01:02","slug":"espiritualidade","status":"publish","type":"page","link":"https:\/\/suaempresaviva.com\/index.php\/espiritualidade\/","title":{"rendered":"ESPIRITUALIDADE"},"content":{"rendered":"\n<div class=\"wp-block-columns is-layout-flex wp-container-core-columns-is-layout-9d6595d7 wp-block-columns-is-layout-flex\">\n<div class=\"wp-block-column is-layout-flow wp-block-column-is-layout-flow\">\n<h2 class=\"wp-block-heading has-text-align-center has-theme-palette-9-color has-text-color has-background has-link-color wp-elements-3b3f89246632255bf1be2364acfca590\" style=\"background:linear-gradient(135deg,rgb(15,61,58) 0%,rgb(15,61,58) 100%)\"><a href=\"https:\/\/suaempresaviva.com\/index.php\/2023\/04\/17\/alinhamento-corpo-alma-e-espirito\/\">Corpo, alma e esp\u00edrito<\/a><\/h2>\n<\/div>\n\n\n\n<div class=\"wp-block-column is-layout-flow wp-block-column-is-layout-flow\">\n<h4 class=\"wp-block-heading\">Este texto inaugura o projeto Sua Empresa Viva e apresenta a vis\u00e3o de integra\u00e7\u00e3o entre corpo, alma e esp\u00edrito como fundamento para escolhas mais conscientes na vida e nos neg\u00f3cios.<\/h4>\n\n\n\n<p><a href=\"https:\/\/suaempresaviva.com\/index.php\/2023\/04\/17\/alinhamento-corpo-alma-e-espirito\/\">Ler o texto de abertura \u2192<\/a><\/p>\n<\/div>\n<\/div>\n\n\n\n<p><\/p>\n\n\n\n<p><\/p>\n\n\n\n<div class=\"wp-block-columns is-layout-flex wp-container-core-columns-is-layout-9d6595d7 wp-block-columns-is-layout-flex\">\n<div class=\"wp-block-column is-layout-flow wp-block-column-is-layout-flow\">\n<h2 class=\"wp-block-heading has-text-align-center has-theme-palette-9-color has-text-color has-background has-link-color wp-elements-72da7f1c75ee159282e2e9f118d036c4\" style=\"background:linear-gradient(135deg,rgb(15,61,58) 0%,rgb(15,61,58) 100%)\"><a href=\"https:\/\/suaempresaviva.com\/index.php\/2024\/02\/02\/o-que-os-salmos-pode-fazer-por-voce\/\" data-type=\"page\" data-id=\"2571\">Salmos<\/a><\/h2>\n<\/div>\n\n\n\n<div class=\"wp-block-column is-layout-flow wp-block-column-is-layout-flow\">\n<h4 class=\"wp-block-heading\">Os Salmos orientam a ora\u00e7\u00e3o, fortalecem a f\u00e9 e conduzem \u00e0 reflex\u00e3o cont\u00ednua. Lidos com const\u00e2ncia, ajudam a alinhar pensamentos, emo\u00e7\u00f5es e escolhas diante de Deus.<\/h4>\n\n\n\n<p><a href=\"https:\/\/suaempresaviva.com\/index.php\/2024\/02\/02\/o-que-os-salmos-pode-fazer-por-voce\/\">Acessar Salmos \u2192<\/a><\/p>\n\n\n\n<p><\/p>\n<\/div>\n<\/div>\n\n\n\n<div class=\"wp-block-columns is-layout-flex wp-container-core-columns-is-layout-9d6595d7 wp-block-columns-is-layout-flex\">\n<div class=\"wp-block-column is-layout-flow wp-block-column-is-layout-flow\"><\/div>\n\n\n\n<div class=\"wp-block-column is-layout-flow wp-block-column-is-layout-flow\"><\/div>\n<\/div>\n\n\n\n<p><\/p>\n","protected":false},"excerpt":{"rendered":"<p>Corpo, alma e esp\u00edrito Este texto inaugura o projeto Sua Empresa Viva e apresenta a vis\u00e3o de integra\u00e7\u00e3o entre corpo, alma e esp\u00edrito como fundamento para escolhas mais conscientes na vida e nos neg\u00f3cios. Ler o texto de abertura \u2192 Salmos Os Salmos orientam a ora\u00e7\u00e3o, fortalecem a f\u00e9 e conduzem \u00e0 reflex\u00e3o cont\u00ednua. Lidos&#8230;<\/p>\n","protected":false},"author":1,"featured_media":0,"parent":0,"menu_order":0,"comment_status":"closed","ping_status":"closed","template":"","meta":{"_kadence_starter_templates_imported_post":false,"_kad_post_transparent":"default","_kad_post_title":"hide","_kad_post_layout":"default","_kad_post_sidebar_id":"","_kad_post_content_style":"","_kad_post_vertical_padding":"","_kad_post_feature":"hide","_kad_post_feature_position":"","_kad_post_header":false,"_kad_post_footer":false,"_kad_post_classname":"","footnotes":""},"class_list":["post-1141","page","type-page","status-publish","hentry"],"_hostinger_reach_plugin_has_subscription_block":false,"_hostinger_reach_plugin_is_elementor":false,"_links":{"self":[{"href":"https:\/\/suaempresaviva.com\/index.php\/wp-json\/wp\/v2\/pages\/1141","targetHints":{"allow":["GET"]}}],"collection":[{"href":"https:\/\/suaempresaviva.com\/index.php\/wp-json\/wp\/v2\/pages"}],"about":[{"href":"https:\/\/suaempresaviva.com\/index.php\/wp-json\/wp\/v2\/types\/page"}],"author":[{"embeddable":true,"href":"https:\/\/suaempresaviva.com\/index.php\/wp-json\/wp\/v2\/users\/1"}],"replies":[{"embeddable":true,"href":"https:\/\/suaempresaviva.com\/index.php\/wp-json\/wp\/v2\/comments?post=1141"}],"version-history":[{"count":16,"href":"https:\/\/suaempresaviva.com\/index.php\/wp-json\/wp\/v2\/pages\/1141\/revisions"}],"predecessor-version":[{"id":2808,"href":"https:\/\/suaempresaviva.com\/index.php\/wp-json\/wp\/v2\/pages\/1141\/revisions\/2808"}],"wp:attachment":[{"href":"https:\/\/suaempresaviva.com\/index.php\/wp-json\/wp\/v2\/media?parent=1141"}],"curies":[{"name":"wp","href":"https:\/\/api.w.org\/{rel}","templated":true}]}}