{"id":2571,"date":"2026-02-01T12:51:17","date_gmt":"2026-02-01T12:51:17","guid":{"rendered":"https:\/\/suaempresaviva.com\/?page_id=2571"},"modified":"2026-02-15T23:04:00","modified_gmt":"2026-02-15T23:04:00","slug":"juridico","status":"publish","type":"page","link":"https:\/\/suaempresaviva.com\/index.php\/juridico\/","title":{"rendered":"JUR\u00cdDICO"},"content":{"rendered":"\n<div class=\"wp-block-columns is-layout-flex wp-container-core-columns-is-layout-9d6595d7 wp-block-columns-is-layout-flex\">\n<div class=\"wp-block-column is-layout-flow wp-block-column-is-layout-flow\" style=\"flex-basis:66.66%\"><\/div>\n\n\n\n<div class=\"wp-block-column is-layout-flow wp-block-column-is-layout-flow\" style=\"flex-basis:33.33%\"><\/div>\n<\/div>\n\n\n\n<div class=\"wp-block-columns is-layout-flex wp-container-core-columns-is-layout-9d6595d7 wp-block-columns-is-layout-flex\">\n<div class=\"wp-block-column is-layout-flow wp-block-column-is-layout-flow\">\n<h2 class=\"wp-block-heading has-text-align-center has-theme-palette-9-color has-text-color has-background has-link-color wp-elements-fce154c4de721a0b6dc73618a0c1f517\" style=\"background:linear-gradient(135deg,rgb(15,61,58) 0%,rgb(15,61,58) 100%)\"><a href=\"https:\/\/suaempresaviva.com\/index.php\/2024\/10\/13\/como-elaborar-um-bom-dossie-de-investigacao-patrimonial\/\">Recupera\u00e7\u00e3o de Cr\u00e9dito<\/a><\/h2>\n<\/div>\n\n\n\n<div class=\"wp-block-column is-layout-flow wp-block-column-is-layout-flow\">\n<h4 class=\"wp-block-heading\">Artigos sobre execu\u00e7\u00e3o c\u00edvel, localiza\u00e7\u00e3o de ativos, fraudes patrimoniais e estrat\u00e9gias para recupera\u00e7\u00e3o de cr\u00e9ditos.<\/h4>\n<\/div>\n<\/div>\n\n\n\n<p><\/p>\n\n\n\n<div class=\"wp-block-columns is-layout-flex wp-container-core-columns-is-layout-9d6595d7 wp-block-columns-is-layout-flex\">\n<div class=\"wp-block-column is-layout-flow wp-block-column-is-layout-flow\">\n<h2 class=\"wp-block-heading has-text-align-center has-theme-palette-9-color has-text-color has-background has-link-color wp-elements-3bf9066fe919c036b19dd7e37d1f67c3\" style=\"background:linear-gradient(135deg,rgb(15,61,58) 0%,rgb(15,61,58) 100%)\">Direito do Consumidor<\/h2>\n<\/div>\n\n\n\n<div class=\"wp-block-column is-layout-flow wp-block-column-is-layout-flow\">\n<h4 class=\"wp-block-heading\">Conte\u00fados sobre rela\u00e7\u00f5es de consumo, responsabilidade civil e an\u00e1lise jur\u00eddica sob a \u00f3tica da consci\u00eancia e do equil\u00edbrio.<\/h4>\n<\/div>\n<\/div>\n\n\n\n<p><\/p>\n\n\n\n<div class=\"wp-block-columns is-layout-flex wp-container-core-columns-is-layout-9d6595d7 wp-block-columns-is-layout-flex\">\n<div class=\"wp-block-column is-layout-flow wp-block-column-is-layout-flow\">\n<h2 class=\"wp-block-heading has-text-align-center has-theme-palette-9-color has-text-color has-background has-link-color wp-elements-dc7e732aa4c25451fd63564237db02e0\" style=\"background:linear-gradient(135deg,rgb(15,61,58) 0%,rgb(15,61,58) 100%)\">Direito do Trabalho<\/h2>\n<\/div>\n\n\n\n<div class=\"wp-block-column is-layout-flow wp-block-column-is-layout-flow\">\n<h4 class=\"wp-block-heading\">Reflex\u00f5es e artigos sobre rela\u00e7\u00f5es de trabalho, estrutura empresarial e preven\u00e7\u00e3o de conflitos.<\/h4>\n<\/div>\n<\/div>\n\n\n\n<p><\/p>\n\n\n\n<div class=\"wp-block-columns is-layout-flex wp-container-core-columns-is-layout-9d6595d7 wp-block-columns-is-layout-flex\">\n<div class=\"wp-block-column is-layout-flow wp-block-column-is-layout-flow\">\n<h2 class=\"wp-block-heading has-text-align-center has-theme-palette-9-color has-text-color has-background has-link-color wp-elements-8b3e5b4781b1873d5786de63cc48e948\" style=\"background:linear-gradient(135deg,rgb(15,61,58) 0%,rgb(15,61,58) 100%)\">Direito Tribut\u00e1rio<\/h2>\n<\/div>\n\n\n\n<div class=\"wp-block-column is-layout-flow wp-block-column-is-layout-flow\">\n<h4 class=\"wp-block-heading\">An\u00e1lises jur\u00eddicas sobre tributa\u00e7\u00e3o, planejamento e impactos fiscais na atividade empresarial.<\/h4>\n<\/div>\n<\/div>\n\n\n\n<p><\/p>\n\n\n\n<p><\/p>\n","protected":false},"excerpt":{"rendered":"<p>Recupera\u00e7\u00e3o de Cr\u00e9dito Artigos sobre execu\u00e7\u00e3o c\u00edvel, localiza\u00e7\u00e3o de ativos, fraudes patrimoniais e estrat\u00e9gias para recupera\u00e7\u00e3o de cr\u00e9ditos. Direito do Consumidor Conte\u00fados sobre rela\u00e7\u00f5es de consumo, responsabilidade civil e an\u00e1lise jur\u00eddica sob a \u00f3tica da consci\u00eancia e do equil\u00edbrio. Direito do Trabalho Reflex\u00f5es e artigos sobre rela\u00e7\u00f5es de trabalho, estrutura empresarial e preven\u00e7\u00e3o de conflitos&#8230;.<\/p>\n","protected":false},"author":1,"featured_media":0,"parent":0,"menu_order":0,"comment_status":"closed","ping_status":"closed","template":"","meta":{"_kadence_starter_templates_imported_post":false,"_kad_post_transparent":"","_kad_post_title":"hide","_kad_post_layout":"","_kad_post_sidebar_id":"","_kad_post_content_style":"","_kad_post_vertical_padding":"","_kad_post_feature":"","_kad_post_feature_position":"","_kad_post_header":false,"_kad_post_footer":false,"_kad_post_classname":"","footnotes":""},"class_list":["post-2571","page","type-page","status-publish","hentry"],"_hostinger_reach_plugin_has_subscription_block":false,"_hostinger_reach_plugin_is_elementor":false,"_links":{"self":[{"href":"https:\/\/suaempresaviva.com\/index.php\/wp-json\/wp\/v2\/pages\/2571","targetHints":{"allow":["GET"]}}],"collection":[{"href":"https:\/\/suaempresaviva.com\/index.php\/wp-json\/wp\/v2\/pages"}],"about":[{"href":"https:\/\/suaempresaviva.com\/index.php\/wp-json\/wp\/v2\/types\/page"}],"author":[{"embeddable":true,"href":"https:\/\/suaempresaviva.com\/index.php\/wp-json\/wp\/v2\/users\/1"}],"replies":[{"embeddable":true,"href":"https:\/\/suaempresaviva.com\/index.php\/wp-json\/wp\/v2\/comments?post=2571"}],"version-history":[{"count":17,"href":"https:\/\/suaempresaviva.com\/index.php\/wp-json\/wp\/v2\/pages\/2571\/revisions"}],"predecessor-version":[{"id":2815,"href":"https:\/\/suaempresaviva.com\/index.php\/wp-json\/wp\/v2\/pages\/2571\/revisions\/2815"}],"wp:attachment":[{"href":"https:\/\/suaempresaviva.com\/index.php\/wp-json\/wp\/v2\/media?parent=2571"}],"curies":[{"name":"wp","href":"https:\/\/api.w.org\/{rel}","templated":true}]}}